{"id":1060,"date":"2021-04-08T21:40:22","date_gmt":"2021-04-09T01:40:22","guid":{"rendered":"http:\/\/web.conpacoop.coop.py\/?page_id=1060"},"modified":"2023-11-01T16:13:53","modified_gmt":"2023-11-01T20:13:53","slug":"snec","status":"publish","type":"page","link":"https:\/\/web.conpacoop.coop.py\/?page_id=1060","title":{"rendered":"SNEC"},"content":{"rendered":"\t\t<div data-elementor-type=\"wp-page\" data-elementor-id=\"1060\" class=\"elementor elementor-1060\">\n\t\t\t\t\t\t<div class=\"elementor-inner\">\n\t\t\t\t<div class=\"elementor-section-wrap\">\n\t\t\t\t\t\t\t\t\t<section class=\"elementor-section elementor-top-section elementor-element elementor-element-4ad8548e elementor-section-height-min-height elementor-section-boxed elementor-section-height-default elementor-section-items-middle\" data-id=\"4ad8548e\" data-element_type=\"section\" data-settings=\"{&quot;background_background&quot;:&quot;classic&quot;}\">\n\t\t\t\t\t\t\t<div class=\"elementor-background-overlay\"><\/div>\n\t\t\t\t\t\t\t<div class=\"elementor-container elementor-column-gap-default\">\n\t\t\t\t\t\t\t<div class=\"elementor-row\">\n\t\t\t\t\t<div class=\"elementor-column elementor-col-100 elementor-top-column elementor-element elementor-element-6e05449b\" data-id=\"6e05449b\" data-element_type=\"column\">\n\t\t\t<div class=\"elementor-column-wrap elementor-element-populated\">\n\t\t\t\t\t\t\t<div class=\"elementor-widget-wrap\">\n\t\t\t\t\t\t<div class=\"elementor-element elementor-element-76272892 elementor-widget elementor-widget-heading\" data-id=\"76272892\" data-element_type=\"widget\" data-widget_type=\"heading.default\">\n\t\t\t\t<div class=\"elementor-widget-container\">\n\t\t\t<h2 class=\"elementor-heading-title elementor-size-large\">\u00bfQU\u00c9 ES EL SNEC?<\/h2>\t\t<\/div>\n\t\t\t\t<\/div>\n\t\t\t\t<div class=\"elementor-element elementor-element-2ecd0304 elementor-widget-divider--view-line elementor-widget elementor-widget-divider\" data-id=\"2ecd0304\" data-element_type=\"widget\" data-widget_type=\"divider.default\">\n\t\t\t\t<div class=\"elementor-widget-container\">\n\t\t\t\t\t<div class=\"elementor-divider\">\n\t\t\t<span class=\"elementor-divider-separator\">\n\t\t\t\t\t\t<\/span>\n\t\t<\/div>\n\t\t\t\t<\/div>\n\t\t\t\t<\/div>\n\t\t\t\t\t\t<\/div>\n\t\t\t\t\t<\/div>\n\t\t<\/div>\n\t\t\t\t\t\t\t\t<\/div>\n\t\t\t\t\t<\/div>\n\t\t<\/section>\n\t\t\t\t<section class=\"elementor-section elementor-top-section elementor-element elementor-element-54c06598 elementor-section-height-min-height elementor-section-content-middle elementor-section-boxed elementor-section-height-default elementor-section-items-middle\" data-id=\"54c06598\" data-element_type=\"section\" data-settings=\"{&quot;background_background&quot;:&quot;classic&quot;}\">\n\t\t\t\t\t\t<div class=\"elementor-container elementor-column-gap-default\">\n\t\t\t\t\t\t\t<div class=\"elementor-row\">\n\t\t\t\t\t<div class=\"elementor-column elementor-col-50 elementor-top-column elementor-element elementor-element-540e8aef\" data-id=\"540e8aef\" data-element_type=\"column\">\n\t\t\t<div class=\"elementor-column-wrap elementor-element-populated\">\n\t\t\t\t\t\t\t<div class=\"elementor-widget-wrap\">\n\t\t\t\t\t\t<div class=\"elementor-element elementor-element-3c7216c5 elementor-widget elementor-widget-heading\" data-id=\"3c7216c5\" data-element_type=\"widget\" data-widget_type=\"heading.default\">\n\t\t\t\t<div class=\"elementor-widget-container\">\n\t\t\t<h3 class=\"elementor-heading-title elementor-size-large\">El snec<\/h3>\t\t<\/div>\n\t\t\t\t<\/div>\n\t\t\t\t<div class=\"elementor-element elementor-element-308a7c3a elementor-widget elementor-widget-text-editor\" data-id=\"308a7c3a\" data-element_type=\"widget\" data-widget_type=\"text-editor.default\">\n\t\t\t\t<div class=\"elementor-widget-container\">\n\t\t\t\t\t\t\t\t<div class=\"elementor-text-editor elementor-clearfix\">\n\t\t\t\t<p>El Sistema Nacional de Educaci\u00f3n Cooperativa (SNEC) es una estructura que integra m\u00e9todos, tecnolog\u00edas de informaci\u00f3n, talento humano y procesos estandarizados para la implementaci\u00f3n de cursos con formatos unificados en el sector cooperativo paraguayo. Esta iniciativa contribuye a impulsar la competitividad para la gesti\u00f3n estrat\u00e9gica administrativa, financiera y organizacional. Este m\u00e9todo asegura que los dirigentes de los Consejos de Administraci\u00f3n, de las Juntas de Vigilancia y los Gerentes de las Cooperativas, reciban los conocimientos necesarios para hacer frente a los retos diarios y futuros del \u00e1mbito cooperativo.<\/p>\t\t\t\t\t<\/div>\n\t\t\t\t\t\t<\/div>\n\t\t\t\t<\/div>\n\t\t\t\t\t\t<\/div>\n\t\t\t\t\t<\/div>\n\t\t<\/div>\n\t\t\t\t<div class=\"elementor-column elementor-col-50 elementor-top-column elementor-element elementor-element-1aead709\" data-id=\"1aead709\" data-element_type=\"column\">\n\t\t\t<div class=\"elementor-column-wrap elementor-element-populated\">\n\t\t\t\t\t\t\t<div class=\"elementor-widget-wrap\">\n\t\t\t\t\t\t<div class=\"elementor-element elementor-element-6f686e43 elementor-widget elementor-widget-image\" data-id=\"6f686e43\" data-element_type=\"widget\" data-widget_type=\"image.default\">\n\t\t\t\t<div class=\"elementor-widget-container\">\n\t\t\t\t\t\t\t\t<div class=\"elementor-image\">\n\t\t\t\t\t\t\t\t\t\t\t\t<img decoding=\"async\" width=\"148\" height=\"148\" src=\"https:\/\/web.conpacoop.coop.py\/wp-content\/uploads\/2021\/04\/Logo-Snec-1.png\" class=\"attachment-full size-full wp-image-1092\" alt=\"\" srcset=\"https:\/\/web.conpacoop.coop.py\/wp-content\/uploads\/2021\/04\/Logo-Snec-1.png 148w, https:\/\/web.conpacoop.coop.py\/wp-content\/uploads\/2021\/04\/Logo-Snec-1-45x45.png 45w\" sizes=\"(max-width: 148px) 100vw, 148px\" \/>\t\t\t\t\t\t\t\t\t\t\t\t\t\t<\/div>\n\t\t\t\t\t\t<\/div>\n\t\t\t\t<\/div>\n\t\t\t\t\t\t<\/div>\n\t\t\t\t\t<\/div>\n\t\t<\/div>\n\t\t\t\t\t\t\t\t<\/div>\n\t\t\t\t\t<\/div>\n\t\t<\/section>\n\t\t\t\t<section class=\"elementor-section elementor-top-section elementor-element elementor-element-596c438a elementor-section-height-min-height elementor-section-content-middle elementor-reverse-mobile elementor-section-boxed elementor-section-height-default elementor-section-items-middle\" data-id=\"596c438a\" data-element_type=\"section\" data-settings=\"{&quot;background_background&quot;:&quot;none&quot;}\">\n\t\t\t\t\t\t<div class=\"elementor-container elementor-column-gap-default\">\n\t\t\t\t\t\t\t<div class=\"elementor-row\">\n\t\t\t\t\t<div class=\"elementor-column elementor-col-50 elementor-top-column elementor-element elementor-element-426f63f4\" data-id=\"426f63f4\" data-element_type=\"column\">\n\t\t\t<div class=\"elementor-column-wrap elementor-element-populated\">\n\t\t\t\t\t\t\t<div class=\"elementor-widget-wrap\">\n\t\t\t\t\t\t<div class=\"elementor-element elementor-element-c78c75d elementor-widget elementor-widget-image\" data-id=\"c78c75d\" data-element_type=\"widget\" data-widget_type=\"image.default\">\n\t\t\t\t<div class=\"elementor-widget-container\">\n\t\t\t\t\t\t\t\t<div class=\"elementor-image\">\n\t\t\t\t\t\t\t\t\t\t\t\t<img decoding=\"async\" width=\"655\" height=\"470\" src=\"https:\/\/web.conpacoop.coop.py\/wp-content\/uploads\/2021\/04\/Objetivos-smart-655x470-1.png\" class=\"attachment-full size-full wp-image-1093\" alt=\"\" srcset=\"https:\/\/web.conpacoop.coop.py\/wp-content\/uploads\/2021\/04\/Objetivos-smart-655x470-1.png 655w, https:\/\/web.conpacoop.coop.py\/wp-content\/uploads\/2021\/04\/Objetivos-smart-655x470-1-300x215.png 300w\" sizes=\"(max-width: 655px) 100vw, 655px\" \/>\t\t\t\t\t\t\t\t\t\t\t\t\t\t<\/div>\n\t\t\t\t\t\t<\/div>\n\t\t\t\t<\/div>\n\t\t\t\t\t\t<\/div>\n\t\t\t\t\t<\/div>\n\t\t<\/div>\n\t\t\t\t<div class=\"elementor-column elementor-col-50 elementor-top-column elementor-element elementor-element-25e6e355\" data-id=\"25e6e355\" data-element_type=\"column\">\n\t\t\t<div class=\"elementor-column-wrap elementor-element-populated\">\n\t\t\t\t\t\t\t<div class=\"elementor-widget-wrap\">\n\t\t\t\t\t\t<div class=\"elementor-element elementor-element-16e19ea6 elementor-widget elementor-widget-heading\" data-id=\"16e19ea6\" data-element_type=\"widget\" data-widget_type=\"heading.default\">\n\t\t\t\t<div class=\"elementor-widget-container\">\n\t\t\t<h3 class=\"elementor-heading-title elementor-size-large\">OBJETIVOS<\/h3>\t\t<\/div>\n\t\t\t\t<\/div>\n\t\t\t\t<div class=\"elementor-element elementor-element-4189756a elementor-widget elementor-widget-text-editor\" data-id=\"4189756a\" data-element_type=\"widget\" data-widget_type=\"text-editor.default\">\n\t\t\t\t<div class=\"elementor-widget-container\">\n\t\t\t\t\t\t\t\t<div class=\"elementor-text-editor elementor-clearfix\">\n\t\t\t\t<ul><li>UNIFICAR contenidos program\u00e1ticos<\/li><li>ESTANDARIZAR patrones y referentes para dise\u00f1o curricular<\/li><li>HOMOLOGAR planificaci\u00f3n para aprendizaje significativo<\/li><li>PRIORIZAR competencias directivas y gerenciales<\/li><\/ul>\t\t\t\t\t<\/div>\n\t\t\t\t\t\t<\/div>\n\t\t\t\t<\/div>\n\t\t\t\t\t\t<\/div>\n\t\t\t\t\t<\/div>\n\t\t<\/div>\n\t\t\t\t\t\t\t\t<\/div>\n\t\t\t\t\t<\/div>\n\t\t<\/section>\n\t\t\t\t<section class=\"elementor-section elementor-top-section elementor-element elementor-element-569ea4d5 elementor-section-height-min-height elementor-section-content-middle elementor-section-boxed elementor-section-height-default elementor-section-items-middle\" data-id=\"569ea4d5\" data-element_type=\"section\" data-settings=\"{&quot;background_background&quot;:&quot;classic&quot;}\">\n\t\t\t\t\t\t<div class=\"elementor-container elementor-column-gap-default\">\n\t\t\t\t\t\t\t<div class=\"elementor-row\">\n\t\t\t\t\t<div class=\"elementor-column elementor-col-50 elementor-top-column elementor-element elementor-element-6eac16c9\" data-id=\"6eac16c9\" data-element_type=\"column\">\n\t\t\t<div class=\"elementor-column-wrap elementor-element-populated\">\n\t\t\t\t\t\t\t<div class=\"elementor-widget-wrap\">\n\t\t\t\t\t\t<div class=\"elementor-element elementor-element-68ca631 elementor-widget elementor-widget-heading\" data-id=\"68ca631\" data-element_type=\"widget\" data-widget_type=\"heading.default\">\n\t\t\t\t<div class=\"elementor-widget-container\">\n\t\t\t<h3 class=\"elementor-heading-title elementor-size-large\">BENEFICIOS<\/h3>\t\t<\/div>\n\t\t\t\t<\/div>\n\t\t\t\t<div class=\"elementor-element elementor-element-302f14ec elementor-widget elementor-widget-text-editor\" data-id=\"302f14ec\" data-element_type=\"widget\" data-widget_type=\"text-editor.default\">\n\t\t\t\t<div class=\"elementor-widget-container\">\n\t\t\t\t\t\t\t\t<div class=\"elementor-text-editor elementor-clearfix\">\n\t\t\t\t<ul><li>Optimizar recursos<\/li><li>Mejorar habilidades\/ competencias<\/li><li>Mayor impacto<\/li><li>Marca registrada<\/li><\/ul>\t\t\t\t\t<\/div>\n\t\t\t\t\t\t<\/div>\n\t\t\t\t<\/div>\n\t\t\t\t\t\t<\/div>\n\t\t\t\t\t<\/div>\n\t\t<\/div>\n\t\t\t\t<div class=\"elementor-column elementor-col-50 elementor-top-column elementor-element elementor-element-20777cf\" data-id=\"20777cf\" data-element_type=\"column\">\n\t\t\t<div class=\"elementor-column-wrap elementor-element-populated\">\n\t\t\t\t\t\t\t<div class=\"elementor-widget-wrap\">\n\t\t\t\t\t\t<div class=\"elementor-element elementor-element-78af3e76 elementor-widget elementor-widget-image\" data-id=\"78af3e76\" data-element_type=\"widget\" data-widget_type=\"image.default\">\n\t\t\t\t<div class=\"elementor-widget-container\">\n\t\t\t\t\t\t\t\t<div class=\"elementor-image\">\n\t\t\t\t\t\t\t\t\t\t\t\t<img decoding=\"async\" width=\"267\" height=\"189\" src=\"https:\/\/web.conpacoop.coop.py\/wp-content\/uploads\/2021\/04\/images.png\" class=\"attachment-full size-full wp-image-1094\" alt=\"\" \/>\t\t\t\t\t\t\t\t\t\t\t\t\t\t<\/div>\n\t\t\t\t\t\t<\/div>\n\t\t\t\t<\/div>\n\t\t\t\t\t\t<\/div>\n\t\t\t\t\t<\/div>\n\t\t<\/div>\n\t\t\t\t\t\t\t\t<\/div>\n\t\t\t\t\t<\/div>\n\t\t<\/section>\n\t\t\t\t<section class=\"elementor-section elementor-top-section elementor-element elementor-element-60cfbb67 elementor-section-boxed elementor-section-height-default elementor-section-height-default\" data-id=\"60cfbb67\" data-element_type=\"section\">\n\t\t\t\t\t\t<div class=\"elementor-container elementor-column-gap-default\">\n\t\t\t\t\t\t\t<div class=\"elementor-row\">\n\t\t\t\t\t<div class=\"elementor-column elementor-col-100 elementor-top-column elementor-element elementor-element-181846a3\" data-id=\"181846a3\" data-element_type=\"column\">\n\t\t\t<div class=\"elementor-column-wrap elementor-element-populated\">\n\t\t\t\t\t\t\t<div class=\"elementor-widget-wrap\">\n\t\t\t\t\t\t<div class=\"elementor-element elementor-element-10da2dd8 elementor-widget elementor-widget-heading\" data-id=\"10da2dd8\" data-element_type=\"widget\" data-widget_type=\"heading.default\">\n\t\t\t\t<div class=\"elementor-widget-container\">\n\t\t\t<h3 class=\"elementor-heading-title elementor-size-large\">\u00bfPARA QUE EST\u00c1 EL SNEC?<\/h3>\t\t<\/div>\n\t\t\t\t<\/div>\n\t\t\t\t<div class=\"elementor-element elementor-element-44b454c elementor-widget-divider--view-line elementor-widget elementor-widget-divider\" data-id=\"44b454c\" data-element_type=\"widget\" data-widget_type=\"divider.default\">\n\t\t\t\t<div class=\"elementor-widget-container\">\n\t\t\t\t\t<div class=\"elementor-divider\">\n\t\t\t<span class=\"elementor-divider-separator\">\n\t\t\t\t\t\t<\/span>\n\t\t<\/div>\n\t\t\t\t<\/div>\n\t\t\t\t<\/div>\n\t\t\t\t<section class=\"elementor-section elementor-inner-section elementor-element elementor-element-60f8dd0c elementor-section-boxed elementor-section-height-default elementor-section-height-default\" data-id=\"60f8dd0c\" data-element_type=\"section\">\n\t\t\t\t\t\t<div class=\"elementor-container elementor-column-gap-wider\">\n\t\t\t\t\t\t\t<div class=\"elementor-row\">\n\t\t\t\t\t<div class=\"elementor-column elementor-col-50 elementor-inner-column elementor-element elementor-element-739d4283\" data-id=\"739d4283\" data-element_type=\"column\">\n\t\t\t<div class=\"elementor-column-wrap elementor-element-populated\">\n\t\t\t\t\t\t\t<div class=\"elementor-widget-wrap\">\n\t\t\t\t\t\t<div class=\"elementor-element elementor-element-5147a906 elementor-position-left elementor-vertical-align-middle elementor-widget elementor-widget-image-box\" data-id=\"5147a906\" data-element_type=\"widget\" data-widget_type=\"image-box.default\">\n\t\t\t\t<div class=\"elementor-widget-container\">\n\t\t\t<div class=\"elementor-image-box-wrapper\"><figure class=\"elementor-image-box-img\"><img decoding=\"async\" width=\"512\" height=\"512\" src=\"https:\/\/web.conpacoop.coop.py\/wp-content\/uploads\/2021\/04\/1470399594_Web_Design.png\" class=\"attachment-full size-full wp-image-1078\" alt=\"\" srcset=\"https:\/\/web.conpacoop.coop.py\/wp-content\/uploads\/2021\/04\/1470399594_Web_Design.png 512w, https:\/\/web.conpacoop.coop.py\/wp-content\/uploads\/2021\/04\/1470399594_Web_Design-300x300.png 300w, https:\/\/web.conpacoop.coop.py\/wp-content\/uploads\/2021\/04\/1470399594_Web_Design-150x150.png 150w, https:\/\/web.conpacoop.coop.py\/wp-content\/uploads\/2021\/04\/1470399594_Web_Design-270x270.png 270w, https:\/\/web.conpacoop.coop.py\/wp-content\/uploads\/2021\/04\/1470399594_Web_Design-230x230.png 230w, https:\/\/web.conpacoop.coop.py\/wp-content\/uploads\/2021\/04\/1470399594_Web_Design-45x45.png 45w\" sizes=\"(max-width: 512px) 100vw, 512px\" \/><\/figure><div class=\"elementor-image-box-content\"><p class=\"elementor-image-box-description\">Estandarizar la calidad de los procesos de capacitaci\u00f3n.<\/p><\/div><\/div>\t\t<\/div>\n\t\t\t\t<\/div>\n\t\t\t\t<div class=\"elementor-element elementor-element-3452292a elementor-position-left elementor-vertical-align-middle elementor-widget elementor-widget-image-box\" data-id=\"3452292a\" data-element_type=\"widget\" data-widget_type=\"image-box.default\">\n\t\t\t\t<div class=\"elementor-widget-container\">\n\t\t\t<div class=\"elementor-image-box-wrapper\"><figure class=\"elementor-image-box-img\"><img decoding=\"async\" width=\"512\" height=\"512\" src=\"https:\/\/web.conpacoop.coop.py\/wp-content\/uploads\/2021\/04\/1470399594_Web_Design.png\" class=\"attachment-full size-full wp-image-1078\" alt=\"\" srcset=\"https:\/\/web.conpacoop.coop.py\/wp-content\/uploads\/2021\/04\/1470399594_Web_Design.png 512w, https:\/\/web.conpacoop.coop.py\/wp-content\/uploads\/2021\/04\/1470399594_Web_Design-300x300.png 300w, https:\/\/web.conpacoop.coop.py\/wp-content\/uploads\/2021\/04\/1470399594_Web_Design-150x150.png 150w, https:\/\/web.conpacoop.coop.py\/wp-content\/uploads\/2021\/04\/1470399594_Web_Design-270x270.png 270w, https:\/\/web.conpacoop.coop.py\/wp-content\/uploads\/2021\/04\/1470399594_Web_Design-230x230.png 230w, https:\/\/web.conpacoop.coop.py\/wp-content\/uploads\/2021\/04\/1470399594_Web_Design-45x45.png 45w\" sizes=\"(max-width: 512px) 100vw, 512px\" \/><\/figure><div class=\"elementor-image-box-content\"><p class=\"elementor-image-box-description\">Homogeneizar la carga horaria m\u00ednima de los programas de formaci\u00f3n.<\/p><\/div><\/div>\t\t<\/div>\n\t\t\t\t<\/div>\n\t\t\t\t<div class=\"elementor-element elementor-element-4b8da945 elementor-position-left elementor-vertical-align-middle elementor-widget elementor-widget-image-box\" data-id=\"4b8da945\" data-element_type=\"widget\" data-widget_type=\"image-box.default\">\n\t\t\t\t<div class=\"elementor-widget-container\">\n\t\t\t<div class=\"elementor-image-box-wrapper\"><figure class=\"elementor-image-box-img\"><img decoding=\"async\" width=\"512\" height=\"512\" src=\"https:\/\/web.conpacoop.coop.py\/wp-content\/uploads\/2021\/04\/1470399594_Web_Design.png\" class=\"attachment-full size-full wp-image-1078\" alt=\"\" srcset=\"https:\/\/web.conpacoop.coop.py\/wp-content\/uploads\/2021\/04\/1470399594_Web_Design.png 512w, https:\/\/web.conpacoop.coop.py\/wp-content\/uploads\/2021\/04\/1470399594_Web_Design-300x300.png 300w, https:\/\/web.conpacoop.coop.py\/wp-content\/uploads\/2021\/04\/1470399594_Web_Design-150x150.png 150w, https:\/\/web.conpacoop.coop.py\/wp-content\/uploads\/2021\/04\/1470399594_Web_Design-270x270.png 270w, https:\/\/web.conpacoop.coop.py\/wp-content\/uploads\/2021\/04\/1470399594_Web_Design-230x230.png 230w, https:\/\/web.conpacoop.coop.py\/wp-content\/uploads\/2021\/04\/1470399594_Web_Design-45x45.png 45w\" sizes=\"(max-width: 512px) 100vw, 512px\" \/><\/figure><div class=\"elementor-image-box-content\"><p class=\"elementor-image-box-description\">Utilizar una plataforma tecnol\u00f3gica en los procesos de capacitaci\u00f3n para el sector.<\/p><\/div><\/div>\t\t<\/div>\n\t\t\t\t<\/div>\n\t\t\t\t\t\t<\/div>\n\t\t\t\t\t<\/div>\n\t\t<\/div>\n\t\t\t\t<div class=\"elementor-column elementor-col-50 elementor-inner-column elementor-element elementor-element-6bd203df\" data-id=\"6bd203df\" data-element_type=\"column\">\n\t\t\t<div class=\"elementor-column-wrap elementor-element-populated\">\n\t\t\t\t\t\t\t<div class=\"elementor-widget-wrap\">\n\t\t\t\t\t\t<div class=\"elementor-element elementor-element-790be62e elementor-position-left elementor-vertical-align-middle elementor-widget elementor-widget-image-box\" data-id=\"790be62e\" data-element_type=\"widget\" data-widget_type=\"image-box.default\">\n\t\t\t\t<div class=\"elementor-widget-container\">\n\t\t\t<div class=\"elementor-image-box-wrapper\"><figure class=\"elementor-image-box-img\"><img decoding=\"async\" width=\"512\" height=\"512\" src=\"https:\/\/web.conpacoop.coop.py\/wp-content\/uploads\/2021\/04\/1470399594_Web_Design.png\" class=\"attachment-full size-full wp-image-1078\" alt=\"\" srcset=\"https:\/\/web.conpacoop.coop.py\/wp-content\/uploads\/2021\/04\/1470399594_Web_Design.png 512w, https:\/\/web.conpacoop.coop.py\/wp-content\/uploads\/2021\/04\/1470399594_Web_Design-300x300.png 300w, https:\/\/web.conpacoop.coop.py\/wp-content\/uploads\/2021\/04\/1470399594_Web_Design-150x150.png 150w, https:\/\/web.conpacoop.coop.py\/wp-content\/uploads\/2021\/04\/1470399594_Web_Design-270x270.png 270w, https:\/\/web.conpacoop.coop.py\/wp-content\/uploads\/2021\/04\/1470399594_Web_Design-230x230.png 230w, https:\/\/web.conpacoop.coop.py\/wp-content\/uploads\/2021\/04\/1470399594_Web_Design-45x45.png 45w\" sizes=\"(max-width: 512px) 100vw, 512px\" \/><\/figure><div class=\"elementor-image-box-content\"><p class=\"elementor-image-box-description\">Homologar el contenido m\u00ednimo de los programas de formaci\u00f3n.<\/p><\/div><\/div>\t\t<\/div>\n\t\t\t\t<\/div>\n\t\t\t\t<div class=\"elementor-element elementor-element-56f31b41 elementor-position-left elementor-vertical-align-middle elementor-widget elementor-widget-image-box\" data-id=\"56f31b41\" data-element_type=\"widget\" data-widget_type=\"image-box.default\">\n\t\t\t\t<div class=\"elementor-widget-container\">\n\t\t\t<div class=\"elementor-image-box-wrapper\"><figure class=\"elementor-image-box-img\"><img decoding=\"async\" width=\"512\" height=\"512\" src=\"https:\/\/web.conpacoop.coop.py\/wp-content\/uploads\/2021\/04\/1470399594_Web_Design.png\" class=\"attachment-full size-full wp-image-1078\" alt=\"\" srcset=\"https:\/\/web.conpacoop.coop.py\/wp-content\/uploads\/2021\/04\/1470399594_Web_Design.png 512w, https:\/\/web.conpacoop.coop.py\/wp-content\/uploads\/2021\/04\/1470399594_Web_Design-300x300.png 300w, https:\/\/web.conpacoop.coop.py\/wp-content\/uploads\/2021\/04\/1470399594_Web_Design-150x150.png 150w, https:\/\/web.conpacoop.coop.py\/wp-content\/uploads\/2021\/04\/1470399594_Web_Design-270x270.png 270w, https:\/\/web.conpacoop.coop.py\/wp-content\/uploads\/2021\/04\/1470399594_Web_Design-230x230.png 230w, https:\/\/web.conpacoop.coop.py\/wp-content\/uploads\/2021\/04\/1470399594_Web_Design-45x45.png 45w\" sizes=\"(max-width: 512px) 100vw, 512px\" \/><\/figure><div class=\"elementor-image-box-content\"><p class=\"elementor-image-box-description\">Priorizar las competencias directivas y gernciales en el sector cooperativo.<\/p><\/div><\/div>\t\t<\/div>\n\t\t\t\t<\/div>\n\t\t\t\t<div class=\"elementor-element elementor-element-75abcd39 elementor-position-left elementor-vertical-align-middle elementor-widget elementor-widget-image-box\" data-id=\"75abcd39\" data-element_type=\"widget\" data-widget_type=\"image-box.default\">\n\t\t\t\t<div class=\"elementor-widget-container\">\n\t\t\t<div class=\"elementor-image-box-wrapper\"><figure class=\"elementor-image-box-img\"><img decoding=\"async\" width=\"512\" height=\"512\" src=\"https:\/\/web.conpacoop.coop.py\/wp-content\/uploads\/2021\/04\/1470399594_Web_Design.png\" class=\"attachment-full size-full wp-image-1078\" alt=\"\" srcset=\"https:\/\/web.conpacoop.coop.py\/wp-content\/uploads\/2021\/04\/1470399594_Web_Design.png 512w, https:\/\/web.conpacoop.coop.py\/wp-content\/uploads\/2021\/04\/1470399594_Web_Design-300x300.png 300w, https:\/\/web.conpacoop.coop.py\/wp-content\/uploads\/2021\/04\/1470399594_Web_Design-150x150.png 150w, https:\/\/web.conpacoop.coop.py\/wp-content\/uploads\/2021\/04\/1470399594_Web_Design-270x270.png 270w, https:\/\/web.conpacoop.coop.py\/wp-content\/uploads\/2021\/04\/1470399594_Web_Design-230x230.png 230w, https:\/\/web.conpacoop.coop.py\/wp-content\/uploads\/2021\/04\/1470399594_Web_Design-45x45.png 45w\" sizes=\"(max-width: 512px) 100vw, 512px\" \/><\/figure><div class=\"elementor-image-box-content\"><p class=\"elementor-image-box-description\">Certificar en forma tecnol\u00f3gica la capacitaci\u00f3n del sector<\/p><\/div><\/div>\t\t<\/div>\n\t\t\t\t<\/div>\n\t\t\t\t\t\t<\/div>\n\t\t\t\t\t<\/div>\n\t\t<\/div>\n\t\t\t\t\t\t\t\t<\/div>\n\t\t\t\t\t<\/div>\n\t\t<\/section>\n\t\t\t\t\t\t<\/div>\n\t\t\t\t\t<\/div>\n\t\t<\/div>\n\t\t\t\t\t\t\t\t<\/div>\n\t\t\t\t\t<\/div>\n\t\t<\/section>\n\t\t\t\t<section class=\"elementor-section elementor-top-section elementor-element elementor-element-2aec963 elementor-section-boxed elementor-section-height-default elementor-section-height-default\" data-id=\"2aec963\" data-element_type=\"section\">\n\t\t\t\t\t\t<div class=\"elementor-container elementor-column-gap-default\">\n\t\t\t\t\t\t\t<div class=\"elementor-row\">\n\t\t\t\t\t<div class=\"elementor-column elementor-col-100 elementor-top-column elementor-element elementor-element-18ea96b\" data-id=\"18ea96b\" data-element_type=\"column\">\n\t\t\t<div class=\"elementor-column-wrap elementor-element-populated\">\n\t\t\t\t\t\t\t<div class=\"elementor-widget-wrap\">\n\t\t\t\t\t\t<div class=\"elementor-element elementor-element-53bf98c elementor-align-center elementor-widget elementor-widget-button\" data-id=\"53bf98c\" data-element_type=\"widget\" data-widget_type=\"button.default\">\n\t\t\t\t<div class=\"elementor-widget-container\">\n\t\t\t\t\t<div class=\"elementor-button-wrapper\">\n\t\t\t<a href=\"https:\/\/snec.coop.py\/web\/\" class=\"elementor-button-link elementor-button elementor-size-md\" role=\"button\">\n\t\t\t\t\t\t<span class=\"elementor-button-content-wrapper\">\n\t\t\t\t\t\t<span class=\"elementor-button-text\">Ir al SNEC<\/span>\n\t\t<\/span>\n\t\t\t\t\t<\/a>\n\t\t<\/div>\n\t\t\t\t<\/div>\n\t\t\t\t<\/div>\n\t\t\t\t\t\t<\/div>\n\t\t\t\t\t<\/div>\n\t\t<\/div>\n\t\t\t\t\t\t\t\t<\/div>\n\t\t\t\t\t<\/div>\n\t\t<\/section>\n\t\t\t\t\t\t\t\t\t<\/div>\n\t\t\t<\/div>\n\t\t\t\t\t<\/div>\n\t\t","protected":false},"excerpt":{"rendered":"<p>\u00bfQU\u00c9 ES EL SNEC? El snec El Sistema Nacional de Educaci\u00f3n Cooperativa (SNEC) es una estructura que integra m\u00e9todos, tecnolog\u00edas de informaci\u00f3n, talento humano y procesos estandarizados para la implementaci\u00f3n de cursos con formatos unificados en el sector cooperativo paraguayo. Esta iniciativa contribuye a impulsar la competitividad para la gesti\u00f3n estrat\u00e9gica administrativa, financiera y organizacional. <a class=\"read-more\" href=\"https:\/\/web.conpacoop.coop.py\/?page_id=1060\">Read More<\/a><\/p>\n","protected":false},"author":1,"featured_media":0,"parent":0,"menu_order":0,"comment_status":"closed","ping_status":"closed","template":"","meta":{"content-type":"","footnotes":""},"class_list":["post-1060","page","type-page","status-publish","hentry"],"_links":{"self":[{"href":"https:\/\/web.conpacoop.coop.py\/index.php?rest_route=\/wp\/v2\/pages\/1060","targetHints":{"allow":["GET"]}}],"collection":[{"href":"https:\/\/web.conpacoop.coop.py\/index.php?rest_route=\/wp\/v2\/pages"}],"about":[{"href":"https:\/\/web.conpacoop.coop.py\/index.php?rest_route=\/wp\/v2\/types\/page"}],"author":[{"embeddable":true,"href":"https:\/\/web.conpacoop.coop.py\/index.php?rest_route=\/wp\/v2\/users\/1"}],"replies":[{"embeddable":true,"href":"https:\/\/web.conpacoop.coop.py\/index.php?rest_route=%2Fwp%2Fv2%2Fcomments&post=1060"}],"version-history":[{"count":16,"href":"https:\/\/web.conpacoop.coop.py\/index.php?rest_route=\/wp\/v2\/pages\/1060\/revisions"}],"predecessor-version":[{"id":2207,"href":"https:\/\/web.conpacoop.coop.py\/index.php?rest_route=\/wp\/v2\/pages\/1060\/revisions\/2207"}],"wp:attachment":[{"href":"https:\/\/web.conpacoop.coop.py\/index.php?rest_route=%2Fwp%2Fv2%2Fmedia&parent=1060"}],"curies":[{"name":"wp","href":"https:\/\/api.w.org\/{rel}","templated":true}]}}